{"id":630,"date":"2024-06-15T20:28:48","date_gmt":"2024-06-15T20:28:48","guid":{"rendered":"https:\/\/stevia-fit.com\/?post_type=product&#038;p=630"},"modified":"2026-04-23T10:22:19","modified_gmt":"2026-04-23T10:22:19","slug":"steviafit-250ml","status":"publish","type":"product","link":"https:\/\/stevia-fit.com\/en\/tienda\/steviafit-250ml\/","title":{"rendered":"SteviaFit 250 ml"},"content":{"rendered":"<p>SteviaFit is a non-caloric liquid sweetener, ideal for replacing sugar and much sweeter. Perfect for chefs and pastry professionals looking for an alternative without compromising on flavor.<\/p>\n<ul>\n<li>100% natural, calorie-free.<\/li>\n<li>Replace 2 tablespoons of sugar with just 2 drops.<\/li>\n<li>Highly demanded in the baking and pastry sector.<\/li>\n<\/ul>","protected":false},"excerpt":{"rendered":"<p>SteviaFit es un endulzante no cal\u00f3rico en gotas, ideal para sustituir el az\u00facar y mucho m\u00e1s dulce. Perfecto para chefs y reposteros que buscan una alternativa sin renunciar al sabor. 100% natural, sin calor\u00edas. Sustituye 2 cucharadas de az\u00facar con solo 2 gotas. Muy demandado en el sector de reposter\u00eda.<\/p>","protected":false},"featured_media":1238,"template":"","meta":{"_et_pb_use_builder":"","_et_pb_old_content":"","_et_gb_content_width":""},"product_brand":[],"product_cat":[27],"product_tag":[],"class_list":{"0":"post-630","1":"product","2":"type-product","3":"status-publish","4":"has-post-thumbnail","6":"product_cat-sin-categorizar","8":"first","9":"instock","10":"shipping-taxable","11":"purchasable","12":"product-type-simple"},"yoast_head":"<!-- This site is optimized with the Yoast SEO plugin v23.9 - https:\/\/yoast.com\/wordpress\/plugins\/seo\/ -->\n<title>Compra SteviaFit 250 ml - Env\u00edos a todo el Ecuador<\/title>\n<meta name=\"description\" content=\"\u00a1Endulza tu vida sin culpas! SteviaFit, el endulzante natural sin calor\u00edas que reemplaza el az\u00facar. Env\u00edos a todo el Ecuador \u00a1Pru\u00e9balo ahora!\" \/>\n<meta name=\"robots\" content=\"index, follow, max-snippet:-1, max-image-preview:large, max-video-preview:-1\" \/>\n<link rel=\"canonical\" href=\"https:\/\/stevia-fit.com\/en\/tienda\/steviafit-250ml\/\" \/>\n<meta property=\"og:locale\" content=\"en_US\" \/>\n<meta property=\"og:type\" content=\"article\" \/>\n<meta property=\"og:title\" content=\"Compra SteviaFit 250 ml - Env\u00edos a todo el Ecuador\" \/>\n<meta property=\"og:description\" content=\"\u00a1Endulza tu vida sin culpas! SteviaFit, el endulzante natural sin calor\u00edas que reemplaza el az\u00facar. Env\u00edos a todo el Ecuador \u00a1Pru\u00e9balo ahora!\" \/>\n<meta property=\"og:url\" content=\"https:\/\/stevia-fit.com\/en\/tienda\/steviafit-250ml\/\" \/>\n<meta property=\"og:site_name\" content=\"SteviaFit\" \/>\n<meta property=\"article:publisher\" content=\"https:\/\/www.facebook.com\/steviafit.ec\" \/>\n<meta property=\"article:modified_time\" content=\"2026-04-23T10:22:19+00:00\" \/>\n<meta property=\"og:image\" content=\"https:\/\/stevia-fit.com\/wp-content\/uploads\/2024\/06\/SteviaFit-250-ml.png\" \/>\n\t<meta property=\"og:image:width\" content=\"1000\" \/>\n\t<meta property=\"og:image:height\" content=\"1000\" \/>\n\t<meta property=\"og:image:type\" content=\"image\/png\" \/>\n<meta name=\"twitter:card\" content=\"summary_large_image\" \/>\n<meta name=\"twitter:label1\" content=\"Est. reading time\" \/>\n\t<meta name=\"twitter:data1\" content=\"1 minute\" \/>\n<script type=\"application\/ld+json\" class=\"yoast-schema-graph\">{\"@context\":\"https:\/\/schema.org\",\"@graph\":[{\"@type\":\"WebPage\",\"@id\":\"https:\/\/stevia-fit.com\/tienda\/steviafit-250ml\/\",\"url\":\"https:\/\/stevia-fit.com\/tienda\/steviafit-250ml\/\",\"name\":\"Compra SteviaFit 250 ml - Env\u00edos a todo el Ecuador\",\"isPartOf\":{\"@id\":\"https:\/\/stevia-fit.com\/#website\"},\"primaryImageOfPage\":{\"@id\":\"https:\/\/stevia-fit.com\/tienda\/steviafit-250ml\/#primaryimage\"},\"image\":{\"@id\":\"https:\/\/stevia-fit.com\/tienda\/steviafit-250ml\/#primaryimage\"},\"thumbnailUrl\":\"https:\/\/stevia-fit.com\/wp-content\/uploads\/2024\/06\/SteviaFit-250-ml.png\",\"datePublished\":\"2024-06-15T20:28:48+00:00\",\"dateModified\":\"2026-04-23T10:22:19+00:00\",\"description\":\"\u00a1Endulza tu vida sin culpas! SteviaFit, el endulzante natural sin calor\u00edas que reemplaza el az\u00facar. Env\u00edos a todo el Ecuador \u00a1Pru\u00e9balo ahora!\",\"breadcrumb\":{\"@id\":\"https:\/\/stevia-fit.com\/tienda\/steviafit-250ml\/#breadcrumb\"},\"inLanguage\":\"en-US\",\"potentialAction\":[{\"@type\":\"ReadAction\",\"target\":[\"https:\/\/stevia-fit.com\/tienda\/steviafit-250ml\/\"]}]},{\"@type\":\"ImageObject\",\"inLanguage\":\"en-US\",\"@id\":\"https:\/\/stevia-fit.com\/tienda\/steviafit-250ml\/#primaryimage\",\"url\":\"https:\/\/stevia-fit.com\/wp-content\/uploads\/2024\/06\/SteviaFit-250-ml.png\",\"contentUrl\":\"https:\/\/stevia-fit.com\/wp-content\/uploads\/2024\/06\/SteviaFit-250-ml.png\",\"width\":1000,\"height\":1000,\"caption\":\"SteviaFit-250-ml\"},{\"@type\":\"BreadcrumbList\",\"@id\":\"https:\/\/stevia-fit.com\/tienda\/steviafit-250ml\/#breadcrumb\",\"itemListElement\":[{\"@type\":\"ListItem\",\"position\":1,\"name\":\"Portada\",\"item\":\"https:\/\/stevia-fit.com\/\"},{\"@type\":\"ListItem\",\"position\":2,\"name\":\"Tienda\",\"item\":\"https:\/\/stevia-fit.com\/tienda\/\"},{\"@type\":\"ListItem\",\"position\":3,\"name\":\"SteviaFit 250 ml\"}]},{\"@type\":\"WebSite\",\"@id\":\"https:\/\/stevia-fit.com\/#website\",\"url\":\"https:\/\/stevia-fit.com\/\",\"name\":\"SteviaFit\",\"description\":\"SteviaFit\",\"publisher\":{\"@id\":\"https:\/\/stevia-fit.com\/#organization\"},\"potentialAction\":[{\"@type\":\"SearchAction\",\"target\":{\"@type\":\"EntryPoint\",\"urlTemplate\":\"https:\/\/stevia-fit.com\/?s={search_term_string}\"},\"query-input\":{\"@type\":\"PropertyValueSpecification\",\"valueRequired\":true,\"valueName\":\"search_term_string\"}}],\"inLanguage\":\"en-US\"},{\"@type\":\"Organization\",\"@id\":\"https:\/\/stevia-fit.com\/#organization\",\"name\":\"Worldfit\",\"url\":\"https:\/\/stevia-fit.com\/\",\"logo\":{\"@type\":\"ImageObject\",\"inLanguage\":\"en-US\",\"@id\":\"https:\/\/stevia-fit.com\/#\/schema\/logo\/image\/\",\"url\":\"https:\/\/stevia-fit.com\/wp-content\/uploads\/2024\/06\/logo-vertical-steviafit.svg\",\"contentUrl\":\"https:\/\/stevia-fit.com\/wp-content\/uploads\/2024\/06\/logo-vertical-steviafit.svg\",\"width\":1,\"height\":1,\"caption\":\"Worldfit\"},\"image\":{\"@id\":\"https:\/\/stevia-fit.com\/#\/schema\/logo\/image\/\"},\"sameAs\":[\"https:\/\/www.facebook.com\/steviafit.ec\",\"https:\/\/www.instagram.com\/steviafit.ec\/\",\"https:\/\/www.tiktok.com\/@steviafit\"]}]}<\/script>\n<!-- \/ Yoast SEO plugin. -->","yoast_head_json":{"title":"Compra SteviaFit 250 ml - Env\u00edos a todo el Ecuador","description":"\u00a1Endulza tu vida sin culpas! SteviaFit, el endulzante natural sin calor\u00edas que reemplaza el az\u00facar. Env\u00edos a todo el Ecuador \u00a1Pru\u00e9balo ahora!","robots":{"index":"index","follow":"follow","max-snippet":"max-snippet:-1","max-image-preview":"max-image-preview:large","max-video-preview":"max-video-preview:-1"},"canonical":"https:\/\/stevia-fit.com\/en\/tienda\/steviafit-250ml\/","og_locale":"en_US","og_type":"article","og_title":"Compra SteviaFit 250 ml - Env\u00edos a todo el Ecuador","og_description":"\u00a1Endulza tu vida sin culpas! SteviaFit, el endulzante natural sin calor\u00edas que reemplaza el az\u00facar. Env\u00edos a todo el Ecuador \u00a1Pru\u00e9balo ahora!","og_url":"https:\/\/stevia-fit.com\/en\/tienda\/steviafit-250ml\/","og_site_name":"SteviaFit","article_publisher":"https:\/\/www.facebook.com\/steviafit.ec","article_modified_time":"2026-04-23T10:22:19+00:00","og_image":[{"width":1000,"height":1000,"url":"https:\/\/stevia-fit.com\/wp-content\/uploads\/2024\/06\/SteviaFit-250-ml.png","type":"image\/png"}],"twitter_card":"summary_large_image","twitter_misc":{"Est. reading time":"1 minute"},"schema":{"@context":"https:\/\/schema.org","@graph":[{"@type":"WebPage","@id":"https:\/\/stevia-fit.com\/tienda\/steviafit-250ml\/","url":"https:\/\/stevia-fit.com\/tienda\/steviafit-250ml\/","name":"Compra SteviaFit 250 ml - Env\u00edos a todo el Ecuador","isPartOf":{"@id":"https:\/\/stevia-fit.com\/#website"},"primaryImageOfPage":{"@id":"https:\/\/stevia-fit.com\/tienda\/steviafit-250ml\/#primaryimage"},"image":{"@id":"https:\/\/stevia-fit.com\/tienda\/steviafit-250ml\/#primaryimage"},"thumbnailUrl":"https:\/\/stevia-fit.com\/wp-content\/uploads\/2024\/06\/SteviaFit-250-ml.png","datePublished":"2024-06-15T20:28:48+00:00","dateModified":"2026-04-23T10:22:19+00:00","description":"\u00a1Endulza tu vida sin culpas! SteviaFit, el endulzante natural sin calor\u00edas que reemplaza el az\u00facar. Env\u00edos a todo el Ecuador \u00a1Pru\u00e9balo ahora!","breadcrumb":{"@id":"https:\/\/stevia-fit.com\/tienda\/steviafit-250ml\/#breadcrumb"},"inLanguage":"en-US","potentialAction":[{"@type":"ReadAction","target":["https:\/\/stevia-fit.com\/tienda\/steviafit-250ml\/"]}]},{"@type":"ImageObject","inLanguage":"en-US","@id":"https:\/\/stevia-fit.com\/tienda\/steviafit-250ml\/#primaryimage","url":"https:\/\/stevia-fit.com\/wp-content\/uploads\/2024\/06\/SteviaFit-250-ml.png","contentUrl":"https:\/\/stevia-fit.com\/wp-content\/uploads\/2024\/06\/SteviaFit-250-ml.png","width":1000,"height":1000,"caption":"SteviaFit-250-ml"},{"@type":"BreadcrumbList","@id":"https:\/\/stevia-fit.com\/tienda\/steviafit-250ml\/#breadcrumb","itemListElement":[{"@type":"ListItem","position":1,"name":"Portada","item":"https:\/\/stevia-fit.com\/"},{"@type":"ListItem","position":2,"name":"Tienda","item":"https:\/\/stevia-fit.com\/tienda\/"},{"@type":"ListItem","position":3,"name":"SteviaFit 250 ml"}]},{"@type":"WebSite","@id":"https:\/\/stevia-fit.com\/#website","url":"https:\/\/stevia-fit.com\/","name":"SteviaFit","description":"SteviaFit","publisher":{"@id":"https:\/\/stevia-fit.com\/#organization"},"potentialAction":[{"@type":"SearchAction","target":{"@type":"EntryPoint","urlTemplate":"https:\/\/stevia-fit.com\/?s={search_term_string}"},"query-input":{"@type":"PropertyValueSpecification","valueRequired":true,"valueName":"search_term_string"}}],"inLanguage":"en-US"},{"@type":"Organization","@id":"https:\/\/stevia-fit.com\/#organization","name":"Worldfit","url":"https:\/\/stevia-fit.com\/","logo":{"@type":"ImageObject","inLanguage":"en-US","@id":"https:\/\/stevia-fit.com\/#\/schema\/logo\/image\/","url":"https:\/\/stevia-fit.com\/wp-content\/uploads\/2024\/06\/logo-vertical-steviafit.svg","contentUrl":"https:\/\/stevia-fit.com\/wp-content\/uploads\/2024\/06\/logo-vertical-steviafit.svg","width":1,"height":1,"caption":"Worldfit"},"image":{"@id":"https:\/\/stevia-fit.com\/#\/schema\/logo\/image\/"},"sameAs":["https:\/\/www.facebook.com\/steviafit.ec","https:\/\/www.instagram.com\/steviafit.ec\/","https:\/\/www.tiktok.com\/@steviafit"]}]}},"_links":{"self":[{"href":"https:\/\/stevia-fit.com\/en\/wp-json\/wp\/v2\/product\/630","targetHints":{"allow":["GET"]}}],"collection":[{"href":"https:\/\/stevia-fit.com\/en\/wp-json\/wp\/v2\/product"}],"about":[{"href":"https:\/\/stevia-fit.com\/en\/wp-json\/wp\/v2\/types\/product"}],"wp:featuredmedia":[{"embeddable":true,"href":"https:\/\/stevia-fit.com\/en\/wp-json\/wp\/v2\/media\/1238"}],"wp:attachment":[{"href":"https:\/\/stevia-fit.com\/en\/wp-json\/wp\/v2\/media?parent=630"}],"wp:term":[{"taxonomy":"product_brand","embeddable":true,"href":"https:\/\/stevia-fit.com\/en\/wp-json\/wp\/v2\/product_brand?post=630"},{"taxonomy":"product_cat","embeddable":true,"href":"https:\/\/stevia-fit.com\/en\/wp-json\/wp\/v2\/product_cat?post=630"},{"taxonomy":"product_tag","embeddable":true,"href":"https:\/\/stevia-fit.com\/en\/wp-json\/wp\/v2\/product_tag?post=630"}],"curies":[{"name":"wp","href":"https:\/\/api.w.org\/{rel}","templated":true}]}}