{"id":629,"date":"2024-06-15T20:26:38","date_gmt":"2024-06-15T20:26:38","guid":{"rendered":"https:\/\/stevia-fit.com\/?post_type=product&#038;p=629"},"modified":"2026-04-23T10:22:19","modified_gmt":"2026-04-23T10:22:19","slug":"steviafit-20ml","status":"publish","type":"product","link":"https:\/\/stevia-fit.com\/en\/tienda\/steviafit-20ml\/","title":{"rendered":"Steviafit 20ml"},"content":{"rendered":"<p>SteviaFit is a stevia-based sweetener that sweetens with just 2 drops thanks to its ultra-concentrated formula. It has 0 calories, is designed for people looking for an alternative to sugar, and is suitable for everyone.<\/p>\n<p>SteviaFit does not alter the flavor of your preparations and leaves no bitter or metallic aftertaste.<\/p>\n<p>SteviaFit is the best way to sweeten life!<\/p>\n<ul>\n<li>No calories.<\/li>\n<li>Replace 1 tablespoon of sugar with just 2 drops.<\/li>\n<li>Easy to use in drinks and recipes.<\/li>\n<\/ul>\n<p>Transform your nutrition with SteviaFit, the choice to sweeten your life.<\/p>","protected":false},"excerpt":{"rendered":"<p>SteviaFit es un endulzante hecho a base de stevia que endulza con tan solo 2 gotas gracias a su formulaci\u00f3n ultra concentrada, tiene 0 calor\u00edas, est\u00e1 dirigido a las personas que buscan una alternativa al az\u00facar y es apto para todos. SteviaFit, no altera el sabor de las preparaciones y tampoco deja un sabor amargo\/ [&hellip;]<\/p>","protected":false},"featured_media":1237,"template":"","meta":{"_et_pb_use_builder":"","_et_pb_old_content":"","_et_gb_content_width":""},"product_brand":[],"product_cat":[27],"product_tag":[],"class_list":{"0":"post-629","1":"product","2":"type-product","3":"status-publish","4":"has-post-thumbnail","6":"product_cat-sin-categorizar","8":"first","9":"instock","10":"shipping-taxable","11":"purchasable","12":"product-type-simple"},"yoast_head":"<!-- This site is optimized with the Yoast SEO plugin v23.9 - https:\/\/yoast.com\/wordpress\/plugins\/seo\/ -->\n<title>Compra Steviafit 20ml - Env\u00edos a todo el Ecuador<\/title>\n<meta name=\"description\" content=\"Endulza tu vida sin culpas con SteviaFit, el endulzante natural sin calor\u00edas que reemplaza el az\u00facar. Env\u00edos a todo el Ecuador \u00a1Pru\u00e9balo ahora!\" \/>\n<meta name=\"robots\" content=\"index, follow, max-snippet:-1, max-image-preview:large, max-video-preview:-1\" \/>\n<link rel=\"canonical\" href=\"https:\/\/stevia-fit.com\/en\/tienda\/steviafit-20ml\/\" \/>\n<meta property=\"og:locale\" content=\"en_US\" \/>\n<meta property=\"og:type\" content=\"article\" \/>\n<meta property=\"og:title\" content=\"Compra SteviaFit 20ml | Env\u00edos a todo el Ecuador\" \/>\n<meta property=\"og:description\" content=\"Endulza tu vida sin culpas con SteviaFit, el endulzante natural sin calor\u00edas que reemplaza el az\u00facar. Env\u00edos a todo el Ecuador \u00a1Pru\u00e9balo ahora!\" \/>\n<meta property=\"og:url\" content=\"https:\/\/stevia-fit.com\/en\/tienda\/steviafit-20ml\/\" \/>\n<meta property=\"og:site_name\" content=\"SteviaFit\" \/>\n<meta property=\"article:publisher\" content=\"https:\/\/www.facebook.com\/steviafit.ec\" \/>\n<meta property=\"article:modified_time\" content=\"2026-04-23T10:22:19+00:00\" \/>\n<meta property=\"og:image\" content=\"https:\/\/stevia-fit.com\/wp-content\/uploads\/2024\/06\/steviafit2-mobile.webp\" \/>\n\t<meta property=\"og:image:width\" content=\"500\" \/>\n\t<meta property=\"og:image:height\" content=\"500\" \/>\n\t<meta property=\"og:image:type\" content=\"image\/webp\" \/>\n<meta name=\"twitter:card\" content=\"summary_large_image\" \/>\n<meta name=\"twitter:title\" content=\"Compra SteviaFit 20ml | Env\u00edos a todo el Ecuador\" \/>\n<meta name=\"twitter:description\" content=\"Endulza tu vida sin culpas con SteviaFit, el endulzante natural sin calor\u00edas que reemplaza el az\u00facar. Env\u00edos a todo el Ecuador \u00a1Pru\u00e9balo ahora!\" \/>\n<meta name=\"twitter:image\" content=\"https:\/\/stevia-fit.com\/wp-content\/uploads\/2024\/06\/steviafit2-mobile.webp\" \/>\n<meta name=\"twitter:label1\" content=\"Est. reading time\" \/>\n\t<meta name=\"twitter:data1\" content=\"1 minute\" \/>\n<script type=\"application\/ld+json\" class=\"yoast-schema-graph\">{\"@context\":\"https:\/\/schema.org\",\"@graph\":[{\"@type\":\"WebPage\",\"@id\":\"https:\/\/stevia-fit.com\/tienda\/steviafit-20ml\/\",\"url\":\"https:\/\/stevia-fit.com\/tienda\/steviafit-20ml\/\",\"name\":\"Compra Steviafit 20ml - Env\u00edos a todo el Ecuador\",\"isPartOf\":{\"@id\":\"https:\/\/stevia-fit.com\/#website\"},\"primaryImageOfPage\":{\"@id\":\"https:\/\/stevia-fit.com\/tienda\/steviafit-20ml\/#primaryimage\"},\"image\":{\"@id\":\"https:\/\/stevia-fit.com\/tienda\/steviafit-20ml\/#primaryimage\"},\"thumbnailUrl\":\"https:\/\/stevia-fit.com\/wp-content\/uploads\/2024\/06\/SteviaFIt-20-ml.png\",\"datePublished\":\"2024-06-15T20:26:38+00:00\",\"dateModified\":\"2026-04-23T10:22:19+00:00\",\"description\":\"Endulza tu vida sin culpas con SteviaFit, el endulzante natural sin calor\u00edas que reemplaza el az\u00facar. Env\u00edos a todo el Ecuador \u00a1Pru\u00e9balo ahora!\",\"breadcrumb\":{\"@id\":\"https:\/\/stevia-fit.com\/tienda\/steviafit-20ml\/#breadcrumb\"},\"inLanguage\":\"en-US\",\"potentialAction\":[{\"@type\":\"ReadAction\",\"target\":[\"https:\/\/stevia-fit.com\/tienda\/steviafit-20ml\/\"]}]},{\"@type\":\"ImageObject\",\"inLanguage\":\"en-US\",\"@id\":\"https:\/\/stevia-fit.com\/tienda\/steviafit-20ml\/#primaryimage\",\"url\":\"https:\/\/stevia-fit.com\/wp-content\/uploads\/2024\/06\/SteviaFIt-20-ml.png\",\"contentUrl\":\"https:\/\/stevia-fit.com\/wp-content\/uploads\/2024\/06\/SteviaFIt-20-ml.png\",\"width\":1000,\"height\":1000,\"caption\":\"SteviaFit-20-ml\"},{\"@type\":\"BreadcrumbList\",\"@id\":\"https:\/\/stevia-fit.com\/tienda\/steviafit-20ml\/#breadcrumb\",\"itemListElement\":[{\"@type\":\"ListItem\",\"position\":1,\"name\":\"Portada\",\"item\":\"https:\/\/stevia-fit.com\/\"},{\"@type\":\"ListItem\",\"position\":2,\"name\":\"Tienda\",\"item\":\"https:\/\/stevia-fit.com\/tienda\/\"},{\"@type\":\"ListItem\",\"position\":3,\"name\":\"Steviafit 20ml\"}]},{\"@type\":\"WebSite\",\"@id\":\"https:\/\/stevia-fit.com\/#website\",\"url\":\"https:\/\/stevia-fit.com\/\",\"name\":\"SteviaFit\",\"description\":\"SteviaFit\",\"publisher\":{\"@id\":\"https:\/\/stevia-fit.com\/#organization\"},\"potentialAction\":[{\"@type\":\"SearchAction\",\"target\":{\"@type\":\"EntryPoint\",\"urlTemplate\":\"https:\/\/stevia-fit.com\/?s={search_term_string}\"},\"query-input\":{\"@type\":\"PropertyValueSpecification\",\"valueRequired\":true,\"valueName\":\"search_term_string\"}}],\"inLanguage\":\"en-US\"},{\"@type\":\"Organization\",\"@id\":\"https:\/\/stevia-fit.com\/#organization\",\"name\":\"Worldfit\",\"url\":\"https:\/\/stevia-fit.com\/\",\"logo\":{\"@type\":\"ImageObject\",\"inLanguage\":\"en-US\",\"@id\":\"https:\/\/stevia-fit.com\/#\/schema\/logo\/image\/\",\"url\":\"https:\/\/stevia-fit.com\/wp-content\/uploads\/2024\/06\/logo-vertical-steviafit.svg\",\"contentUrl\":\"https:\/\/stevia-fit.com\/wp-content\/uploads\/2024\/06\/logo-vertical-steviafit.svg\",\"width\":1,\"height\":1,\"caption\":\"Worldfit\"},\"image\":{\"@id\":\"https:\/\/stevia-fit.com\/#\/schema\/logo\/image\/\"},\"sameAs\":[\"https:\/\/www.facebook.com\/steviafit.ec\",\"https:\/\/www.instagram.com\/steviafit.ec\/\",\"https:\/\/www.tiktok.com\/@steviafit\"]}]}<\/script>\n<!-- \/ Yoast SEO plugin. -->","yoast_head_json":{"title":"Compra Steviafit 20ml - Env\u00edos a todo el Ecuador","description":"Endulza tu vida sin culpas con SteviaFit, el endulzante natural sin calor\u00edas que reemplaza el az\u00facar. Env\u00edos a todo el Ecuador \u00a1Pru\u00e9balo ahora!","robots":{"index":"index","follow":"follow","max-snippet":"max-snippet:-1","max-image-preview":"max-image-preview:large","max-video-preview":"max-video-preview:-1"},"canonical":"https:\/\/stevia-fit.com\/en\/tienda\/steviafit-20ml\/","og_locale":"en_US","og_type":"article","og_title":"Compra SteviaFit 20ml | Env\u00edos a todo el Ecuador","og_description":"Endulza tu vida sin culpas con SteviaFit, el endulzante natural sin calor\u00edas que reemplaza el az\u00facar. Env\u00edos a todo el Ecuador \u00a1Pru\u00e9balo ahora!","og_url":"https:\/\/stevia-fit.com\/en\/tienda\/steviafit-20ml\/","og_site_name":"SteviaFit","article_publisher":"https:\/\/www.facebook.com\/steviafit.ec","article_modified_time":"2026-04-23T10:22:19+00:00","og_image":[{"width":500,"height":500,"url":"https:\/\/stevia-fit.com\/wp-content\/uploads\/2024\/06\/steviafit2-mobile.webp","type":"image\/webp"}],"twitter_card":"summary_large_image","twitter_title":"Compra SteviaFit 20ml | Env\u00edos a todo el Ecuador","twitter_description":"Endulza tu vida sin culpas con SteviaFit, el endulzante natural sin calor\u00edas que reemplaza el az\u00facar. Env\u00edos a todo el Ecuador \u00a1Pru\u00e9balo ahora!","twitter_image":"https:\/\/stevia-fit.com\/wp-content\/uploads\/2024\/06\/steviafit2-mobile.webp","twitter_misc":{"Est. reading time":"1 minute"},"schema":{"@context":"https:\/\/schema.org","@graph":[{"@type":"WebPage","@id":"https:\/\/stevia-fit.com\/tienda\/steviafit-20ml\/","url":"https:\/\/stevia-fit.com\/tienda\/steviafit-20ml\/","name":"Compra Steviafit 20ml - Env\u00edos a todo el Ecuador","isPartOf":{"@id":"https:\/\/stevia-fit.com\/#website"},"primaryImageOfPage":{"@id":"https:\/\/stevia-fit.com\/tienda\/steviafit-20ml\/#primaryimage"},"image":{"@id":"https:\/\/stevia-fit.com\/tienda\/steviafit-20ml\/#primaryimage"},"thumbnailUrl":"https:\/\/stevia-fit.com\/wp-content\/uploads\/2024\/06\/SteviaFIt-20-ml.png","datePublished":"2024-06-15T20:26:38+00:00","dateModified":"2026-04-23T10:22:19+00:00","description":"Endulza tu vida sin culpas con SteviaFit, el endulzante natural sin calor\u00edas que reemplaza el az\u00facar. Env\u00edos a todo el Ecuador \u00a1Pru\u00e9balo ahora!","breadcrumb":{"@id":"https:\/\/stevia-fit.com\/tienda\/steviafit-20ml\/#breadcrumb"},"inLanguage":"en-US","potentialAction":[{"@type":"ReadAction","target":["https:\/\/stevia-fit.com\/tienda\/steviafit-20ml\/"]}]},{"@type":"ImageObject","inLanguage":"en-US","@id":"https:\/\/stevia-fit.com\/tienda\/steviafit-20ml\/#primaryimage","url":"https:\/\/stevia-fit.com\/wp-content\/uploads\/2024\/06\/SteviaFIt-20-ml.png","contentUrl":"https:\/\/stevia-fit.com\/wp-content\/uploads\/2024\/06\/SteviaFIt-20-ml.png","width":1000,"height":1000,"caption":"SteviaFit-20-ml"},{"@type":"BreadcrumbList","@id":"https:\/\/stevia-fit.com\/tienda\/steviafit-20ml\/#breadcrumb","itemListElement":[{"@type":"ListItem","position":1,"name":"Portada","item":"https:\/\/stevia-fit.com\/"},{"@type":"ListItem","position":2,"name":"Tienda","item":"https:\/\/stevia-fit.com\/tienda\/"},{"@type":"ListItem","position":3,"name":"Steviafit 20ml"}]},{"@type":"WebSite","@id":"https:\/\/stevia-fit.com\/#website","url":"https:\/\/stevia-fit.com\/","name":"SteviaFit","description":"SteviaFit","publisher":{"@id":"https:\/\/stevia-fit.com\/#organization"},"potentialAction":[{"@type":"SearchAction","target":{"@type":"EntryPoint","urlTemplate":"https:\/\/stevia-fit.com\/?s={search_term_string}"},"query-input":{"@type":"PropertyValueSpecification","valueRequired":true,"valueName":"search_term_string"}}],"inLanguage":"en-US"},{"@type":"Organization","@id":"https:\/\/stevia-fit.com\/#organization","name":"Worldfit","url":"https:\/\/stevia-fit.com\/","logo":{"@type":"ImageObject","inLanguage":"en-US","@id":"https:\/\/stevia-fit.com\/#\/schema\/logo\/image\/","url":"https:\/\/stevia-fit.com\/wp-content\/uploads\/2024\/06\/logo-vertical-steviafit.svg","contentUrl":"https:\/\/stevia-fit.com\/wp-content\/uploads\/2024\/06\/logo-vertical-steviafit.svg","width":1,"height":1,"caption":"Worldfit"},"image":{"@id":"https:\/\/stevia-fit.com\/#\/schema\/logo\/image\/"},"sameAs":["https:\/\/www.facebook.com\/steviafit.ec","https:\/\/www.instagram.com\/steviafit.ec\/","https:\/\/www.tiktok.com\/@steviafit"]}]}},"_links":{"self":[{"href":"https:\/\/stevia-fit.com\/en\/wp-json\/wp\/v2\/product\/629","targetHints":{"allow":["GET"]}}],"collection":[{"href":"https:\/\/stevia-fit.com\/en\/wp-json\/wp\/v2\/product"}],"about":[{"href":"https:\/\/stevia-fit.com\/en\/wp-json\/wp\/v2\/types\/product"}],"wp:featuredmedia":[{"embeddable":true,"href":"https:\/\/stevia-fit.com\/en\/wp-json\/wp\/v2\/media\/1237"}],"wp:attachment":[{"href":"https:\/\/stevia-fit.com\/en\/wp-json\/wp\/v2\/media?parent=629"}],"wp:term":[{"taxonomy":"product_brand","embeddable":true,"href":"https:\/\/stevia-fit.com\/en\/wp-json\/wp\/v2\/product_brand?post=629"},{"taxonomy":"product_cat","embeddable":true,"href":"https:\/\/stevia-fit.com\/en\/wp-json\/wp\/v2\/product_cat?post=629"},{"taxonomy":"product_tag","embeddable":true,"href":"https:\/\/stevia-fit.com\/en\/wp-json\/wp\/v2\/product_tag?post=629"}],"curies":[{"name":"wp","href":"https:\/\/api.w.org\/{rel}","templated":true}]}}