{"id":1534,"date":"2026-01-06T20:41:23","date_gmt":"2026-01-06T20:41:23","guid":{"rendered":"https:\/\/stevia-fit.com\/?post_type=product&#038;p=1534"},"modified":"2026-02-03T17:50:14","modified_gmt":"2026-02-03T17:50:14","slug":"big-mini-pack","status":"publish","type":"product","link":"https:\/\/stevia-fit.com\/en\/tienda\/big-mini-pack\/","title":{"rendered":"Big &#038; Mini Pack"},"content":{"rendered":"<p>SteviaFit is a stevia-based sweetener that sweetens with just 2 drops thanks to its ultra-concentrated formula. It has 0 calories, is designed for people looking for an alternative to sugar, and is suitable for everyone.<\/p>\n<p>SteviaFit does not alter the flavor of your preparations and leaves no bitter or metallic aftertaste.<\/p>\n<p>SteviaFit is the best way to sweeten life!<\/p>\n<ul>\n<li>No calories.<\/li>\n<li>Replace 1 tablespoon of sugar with just 2 drops.<\/li>\n<li>Easy to use in drinks and recipes.<\/li>\n<\/ul>\n<p>Transform your nutrition with SteviaFit, the choice to sweeten your life.\n<\/ul>\n<p>EN ESTE COMBO VIENEN: 2 STEVIAFIT DE 250 ML Y 2 STEVIAFIT DE 20 ML.<br \/>\nENVIO INCLUIDO.<\/p>","protected":false},"excerpt":{"rendered":"<p>SteviaFit es un endulzante hecho a base de stevia que endulza con tan solo 2 gotas gracias a su formulaci\u00f3n ultra concentrada, tiene 0 calor\u00edas, est\u00e1 dirigido a las personas que buscan una alternativa al az\u00facar y es apto para todos. SteviaFit, no altera el sabor de las preparaciones y tampoco deja un sabor amargo\/ [&hellip;]<\/p>","protected":false},"featured_media":1530,"template":"","meta":{"_et_pb_use_builder":"","_et_pb_old_content":"","_et_gb_content_width":""},"product_brand":[],"product_cat":[27],"product_tag":[],"class_list":{"0":"post-1534","1":"product","2":"type-product","3":"status-publish","4":"has-post-thumbnail","6":"product_cat-sin-categorizar","7":"product_shipping_class-envio-gratis","9":"first","10":"instock","11":"shipping-taxable","12":"purchasable","13":"product-type-simple"},"yoast_head":"<!-- This site is optimized with the Yoast SEO plugin v23.9 - https:\/\/yoast.com\/wordpress\/plugins\/seo\/ -->\n<title>Big &amp; Mini Pack - SteviaFit<\/title>\n<meta name=\"robots\" content=\"index, follow, max-snippet:-1, max-image-preview:large, max-video-preview:-1\" \/>\n<link rel=\"canonical\" href=\"https:\/\/stevia-fit.com\/en\/tienda\/big-mini-pack\/\" \/>\n<meta property=\"og:locale\" content=\"en_US\" \/>\n<meta property=\"og:type\" content=\"article\" \/>\n<meta property=\"og:title\" content=\"Big &amp; Mini Pack - SteviaFit\" \/>\n<meta property=\"og:description\" content=\"SteviaFit es un endulzante hecho a base de stevia que endulza con tan solo 2 gotas gracias a su formulaci\u00f3n ultra concentrada, tiene 0 calor\u00edas, est\u00e1 dirigido a las personas que buscan una alternativa al az\u00facar y es apto para todos. SteviaFit, no altera el sabor de las preparaciones y tampoco deja un sabor amargo\/ [&hellip;]\" \/>\n<meta property=\"og:url\" content=\"https:\/\/stevia-fit.com\/en\/tienda\/big-mini-pack\/\" \/>\n<meta property=\"og:site_name\" content=\"SteviaFit\" \/>\n<meta property=\"article:publisher\" content=\"https:\/\/www.facebook.com\/steviafit.ec\" \/>\n<meta property=\"article:modified_time\" content=\"2026-02-03T17:50:14+00:00\" \/>\n<meta property=\"og:image\" content=\"https:\/\/stevia-fit.com\/wp-content\/uploads\/2026\/01\/Combos-2026_Mesa-de-trabajo-1-copia-2.png\" \/>\n\t<meta property=\"og:image:width\" content=\"1125\" \/>\n\t<meta property=\"og:image:height\" content=\"1125\" \/>\n\t<meta property=\"og:image:type\" content=\"image\/png\" \/>\n<meta name=\"twitter:card\" content=\"summary_large_image\" \/>\n<meta name=\"twitter:label1\" content=\"Est. reading time\" \/>\n\t<meta name=\"twitter:data1\" content=\"1 minute\" \/>\n<script type=\"application\/ld+json\" class=\"yoast-schema-graph\">{\"@context\":\"https:\/\/schema.org\",\"@graph\":[{\"@type\":\"WebPage\",\"@id\":\"https:\/\/stevia-fit.com\/tienda\/big-mini-pack\/\",\"url\":\"https:\/\/stevia-fit.com\/tienda\/big-mini-pack\/\",\"name\":\"Big & Mini Pack - SteviaFit\",\"isPartOf\":{\"@id\":\"https:\/\/stevia-fit.com\/#website\"},\"primaryImageOfPage\":{\"@id\":\"https:\/\/stevia-fit.com\/tienda\/big-mini-pack\/#primaryimage\"},\"image\":{\"@id\":\"https:\/\/stevia-fit.com\/tienda\/big-mini-pack\/#primaryimage\"},\"thumbnailUrl\":\"https:\/\/stevia-fit.com\/wp-content\/uploads\/2026\/01\/Combos-2026_Mesa-de-trabajo-1-copia-2.png\",\"datePublished\":\"2026-01-06T20:41:23+00:00\",\"dateModified\":\"2026-02-03T17:50:14+00:00\",\"breadcrumb\":{\"@id\":\"https:\/\/stevia-fit.com\/tienda\/big-mini-pack\/#breadcrumb\"},\"inLanguage\":\"en-US\",\"potentialAction\":[{\"@type\":\"ReadAction\",\"target\":[\"https:\/\/stevia-fit.com\/tienda\/big-mini-pack\/\"]}]},{\"@type\":\"ImageObject\",\"inLanguage\":\"en-US\",\"@id\":\"https:\/\/stevia-fit.com\/tienda\/big-mini-pack\/#primaryimage\",\"url\":\"https:\/\/stevia-fit.com\/wp-content\/uploads\/2026\/01\/Combos-2026_Mesa-de-trabajo-1-copia-2.png\",\"contentUrl\":\"https:\/\/stevia-fit.com\/wp-content\/uploads\/2026\/01\/Combos-2026_Mesa-de-trabajo-1-copia-2.png\",\"width\":1125,\"height\":1125},{\"@type\":\"BreadcrumbList\",\"@id\":\"https:\/\/stevia-fit.com\/tienda\/big-mini-pack\/#breadcrumb\",\"itemListElement\":[{\"@type\":\"ListItem\",\"position\":1,\"name\":\"Portada\",\"item\":\"https:\/\/stevia-fit.com\/\"},{\"@type\":\"ListItem\",\"position\":2,\"name\":\"Tienda\",\"item\":\"https:\/\/stevia-fit.com\/tienda\/\"},{\"@type\":\"ListItem\",\"position\":3,\"name\":\"Big &#038; Mini Pack\"}]},{\"@type\":\"WebSite\",\"@id\":\"https:\/\/stevia-fit.com\/#website\",\"url\":\"https:\/\/stevia-fit.com\/\",\"name\":\"SteviaFit\",\"description\":\"SteviaFit\",\"publisher\":{\"@id\":\"https:\/\/stevia-fit.com\/#organization\"},\"potentialAction\":[{\"@type\":\"SearchAction\",\"target\":{\"@type\":\"EntryPoint\",\"urlTemplate\":\"https:\/\/stevia-fit.com\/?s={search_term_string}\"},\"query-input\":{\"@type\":\"PropertyValueSpecification\",\"valueRequired\":true,\"valueName\":\"search_term_string\"}}],\"inLanguage\":\"en-US\"},{\"@type\":\"Organization\",\"@id\":\"https:\/\/stevia-fit.com\/#organization\",\"name\":\"Worldfit\",\"url\":\"https:\/\/stevia-fit.com\/\",\"logo\":{\"@type\":\"ImageObject\",\"inLanguage\":\"en-US\",\"@id\":\"https:\/\/stevia-fit.com\/#\/schema\/logo\/image\/\",\"url\":\"https:\/\/stevia-fit.com\/wp-content\/uploads\/2024\/06\/logo-vertical-steviafit.svg\",\"contentUrl\":\"https:\/\/stevia-fit.com\/wp-content\/uploads\/2024\/06\/logo-vertical-steviafit.svg\",\"width\":1,\"height\":1,\"caption\":\"Worldfit\"},\"image\":{\"@id\":\"https:\/\/stevia-fit.com\/#\/schema\/logo\/image\/\"},\"sameAs\":[\"https:\/\/www.facebook.com\/steviafit.ec\",\"https:\/\/www.instagram.com\/steviafit.ec\/\",\"https:\/\/www.tiktok.com\/@steviafit\"]}]}<\/script>\n<!-- \/ Yoast SEO plugin. -->","yoast_head_json":{"title":"Big & Mini Pack - SteviaFit","robots":{"index":"index","follow":"follow","max-snippet":"max-snippet:-1","max-image-preview":"max-image-preview:large","max-video-preview":"max-video-preview:-1"},"canonical":"https:\/\/stevia-fit.com\/en\/tienda\/big-mini-pack\/","og_locale":"en_US","og_type":"article","og_title":"Big & Mini Pack - SteviaFit","og_description":"SteviaFit es un endulzante hecho a base de stevia que endulza con tan solo 2 gotas gracias a su formulaci\u00f3n ultra concentrada, tiene 0 calor\u00edas, est\u00e1 dirigido a las personas que buscan una alternativa al az\u00facar y es apto para todos. SteviaFit, no altera el sabor de las preparaciones y tampoco deja un sabor amargo\/ [&hellip;]","og_url":"https:\/\/stevia-fit.com\/en\/tienda\/big-mini-pack\/","og_site_name":"SteviaFit","article_publisher":"https:\/\/www.facebook.com\/steviafit.ec","article_modified_time":"2026-02-03T17:50:14+00:00","og_image":[{"width":1125,"height":1125,"url":"https:\/\/stevia-fit.com\/wp-content\/uploads\/2026\/01\/Combos-2026_Mesa-de-trabajo-1-copia-2.png","type":"image\/png"}],"twitter_card":"summary_large_image","twitter_misc":{"Est. reading time":"1 minute"},"schema":{"@context":"https:\/\/schema.org","@graph":[{"@type":"WebPage","@id":"https:\/\/stevia-fit.com\/tienda\/big-mini-pack\/","url":"https:\/\/stevia-fit.com\/tienda\/big-mini-pack\/","name":"Big & Mini Pack - SteviaFit","isPartOf":{"@id":"https:\/\/stevia-fit.com\/#website"},"primaryImageOfPage":{"@id":"https:\/\/stevia-fit.com\/tienda\/big-mini-pack\/#primaryimage"},"image":{"@id":"https:\/\/stevia-fit.com\/tienda\/big-mini-pack\/#primaryimage"},"thumbnailUrl":"https:\/\/stevia-fit.com\/wp-content\/uploads\/2026\/01\/Combos-2026_Mesa-de-trabajo-1-copia-2.png","datePublished":"2026-01-06T20:41:23+00:00","dateModified":"2026-02-03T17:50:14+00:00","breadcrumb":{"@id":"https:\/\/stevia-fit.com\/tienda\/big-mini-pack\/#breadcrumb"},"inLanguage":"en-US","potentialAction":[{"@type":"ReadAction","target":["https:\/\/stevia-fit.com\/tienda\/big-mini-pack\/"]}]},{"@type":"ImageObject","inLanguage":"en-US","@id":"https:\/\/stevia-fit.com\/tienda\/big-mini-pack\/#primaryimage","url":"https:\/\/stevia-fit.com\/wp-content\/uploads\/2026\/01\/Combos-2026_Mesa-de-trabajo-1-copia-2.png","contentUrl":"https:\/\/stevia-fit.com\/wp-content\/uploads\/2026\/01\/Combos-2026_Mesa-de-trabajo-1-copia-2.png","width":1125,"height":1125},{"@type":"BreadcrumbList","@id":"https:\/\/stevia-fit.com\/tienda\/big-mini-pack\/#breadcrumb","itemListElement":[{"@type":"ListItem","position":1,"name":"Portada","item":"https:\/\/stevia-fit.com\/"},{"@type":"ListItem","position":2,"name":"Tienda","item":"https:\/\/stevia-fit.com\/tienda\/"},{"@type":"ListItem","position":3,"name":"Big &#038; Mini Pack"}]},{"@type":"WebSite","@id":"https:\/\/stevia-fit.com\/#website","url":"https:\/\/stevia-fit.com\/","name":"SteviaFit","description":"SteviaFit","publisher":{"@id":"https:\/\/stevia-fit.com\/#organization"},"potentialAction":[{"@type":"SearchAction","target":{"@type":"EntryPoint","urlTemplate":"https:\/\/stevia-fit.com\/?s={search_term_string}"},"query-input":{"@type":"PropertyValueSpecification","valueRequired":true,"valueName":"search_term_string"}}],"inLanguage":"en-US"},{"@type":"Organization","@id":"https:\/\/stevia-fit.com\/#organization","name":"Worldfit","url":"https:\/\/stevia-fit.com\/","logo":{"@type":"ImageObject","inLanguage":"en-US","@id":"https:\/\/stevia-fit.com\/#\/schema\/logo\/image\/","url":"https:\/\/stevia-fit.com\/wp-content\/uploads\/2024\/06\/logo-vertical-steviafit.svg","contentUrl":"https:\/\/stevia-fit.com\/wp-content\/uploads\/2024\/06\/logo-vertical-steviafit.svg","width":1,"height":1,"caption":"Worldfit"},"image":{"@id":"https:\/\/stevia-fit.com\/#\/schema\/logo\/image\/"},"sameAs":["https:\/\/www.facebook.com\/steviafit.ec","https:\/\/www.instagram.com\/steviafit.ec\/","https:\/\/www.tiktok.com\/@steviafit"]}]}},"_links":{"self":[{"href":"https:\/\/stevia-fit.com\/en\/wp-json\/wp\/v2\/product\/1534","targetHints":{"allow":["GET"]}}],"collection":[{"href":"https:\/\/stevia-fit.com\/en\/wp-json\/wp\/v2\/product"}],"about":[{"href":"https:\/\/stevia-fit.com\/en\/wp-json\/wp\/v2\/types\/product"}],"wp:featuredmedia":[{"embeddable":true,"href":"https:\/\/stevia-fit.com\/en\/wp-json\/wp\/v2\/media\/1530"}],"wp:attachment":[{"href":"https:\/\/stevia-fit.com\/en\/wp-json\/wp\/v2\/media?parent=1534"}],"wp:term":[{"taxonomy":"product_brand","embeddable":true,"href":"https:\/\/stevia-fit.com\/en\/wp-json\/wp\/v2\/product_brand?post=1534"},{"taxonomy":"product_cat","embeddable":true,"href":"https:\/\/stevia-fit.com\/en\/wp-json\/wp\/v2\/product_cat?post=1534"},{"taxonomy":"product_tag","embeddable":true,"href":"https:\/\/stevia-fit.com\/en\/wp-json\/wp\/v2\/product_tag?post=1534"}],"curies":[{"name":"wp","href":"https:\/\/api.w.org\/{rel}","templated":true}]}}