{"id":540,"date":"2024-06-10T03:13:26","date_gmt":"2024-06-10T03:13:26","guid":{"rendered":"https:\/\/stevia-fit.com\/?page_id=540"},"modified":"2025-03-17T16:53:21","modified_gmt":"2025-03-17T16:53:21","slug":"que-es-steviafit","status":"publish","type":"page","link":"https:\/\/stevia-fit.com\/en\/que-es-steviafit\/","title":{"rendered":"What is SteviaFit?"},"content":{"rendered":"<p>[et_pb_section fb_built=\u00bb1&#8243; fullwidth=\u00bbon\u00bb _builder_version=\u00bb4.25.1&#8243; _module_preset=\u00bbdefault\u00bb custom_padding=\u00bb0px||0px||true|false\u00bb box_shadow_style=\u00bbpreset3&#8243; locked=\u00bboff\u00bb global_colors_info=\u00bb{}\u00bb][et_pb_fullwidth_slider _builder_version=\u00bb4.26.0&#8243; _module_preset=\u00bbdefault\u00bb custom_padding=\u00bb88px||88px||true|false\u00bb auto=\u00bbon\u00bb auto_ignore_hover=\u00bbon\u00bb global_colors_info=\u00bb{}\u00bb][et_pb_slide _builder_version=\u00bb4.26.0&#8243; _module_preset=\u00bbdefault\u00bb background_enable_color=\u00bboff\u00bb background_image=\u00bbhttps:\/\/stevia-fit.com\/wp-content\/uploads\/2024\/06\/ban1.webp\u00bb background_enable_image=\u00bbon\u00bb custom_padding=\u00bb165px||165px||true|false\u00bb custom_padding_tablet=\u00bb165px||165px||true|false\u00bb custom_padding_phone=\u00bb177px||177px||true|false\u00bb custom_padding_last_edited=\u00bbon|desktop\u00bb background_last_edited=\u00bbon|desktop\u00bb background_image_phone=\u00bbhttps:\/\/stevia-fit.com\/wp-content\/uploads\/2024\/06\/ban1m.webp\u00bb background_enable_image_phone=\u00bbon\u00bb global_colors_info=\u00bb{}\u00bb sticky_transition=\u00bbon\u00bb][\/et_pb_slide][\/et_pb_fullwidth_slider][\/et_pb_section][et_pb_section fb_built=\u00bb1&#8243; custom_padding_last_edited=\u00bbon|phone\u00bb _builder_version=\u00bb4.27.0&#8243; _module_preset=\u00bbdefault\u00bb use_background_color_gradient=\u00bbon\u00bb background_color_gradient_type=\u00bbcircular\u00bb background_color_gradient_stops=\u00bb#ffffff 66%|rgba(41,196,169,0) 78%\u00bb background_color_gradient_overlays_image=\u00bbon\u00bb background_image=\u00bbhttps:\/\/stevia-fit.com\/wp-content\/uploads\/2024\/06\/fondo-steviafit-2.jpg\u00bb background_size=\u00bbcontain\u00bb background_position=\u00bbtop_center\u00bb background_vertical_offset=\u00bb-7%\u00bb custom_padding=\u00bb24px||14px|72px|false|false\u00bb custom_padding_tablet=\u00bb24px||0px||false|false\u00bb custom_padding_phone=\u00bb12px||0px|0px|false|false\u00bb locked=\u00bboff\u00bb global_colors_info=\u00bb{}\u00bb][et_pb_row column_structure=\u00bb3_5,2_5&#8243; custom_padding_last_edited=\u00bbon|phone\u00bb _builder_version=\u00bb4.27.0&#8243; _module_preset=\u00bbdefault\u00bb width=\u00bb85%\u00bb width_tablet=\u00bb73%\u00bb width_phone=\u00bb80%\u00bb width_last_edited=\u00bbon|phone\u00bb custom_padding=\u00bb||0px||false|false\u00bb custom_padding_tablet=\u00bb||25px||false|false\u00bb custom_padding_phone=\u00bb51px||25px||false|false\u00bb global_colors_info=\u00bb{}\u00bb][et_pb_column type=\u00bb3_5&#8243; _builder_version=\u00bb4.27.0&#8243; _module_preset=\u00bbdefault\u00bb custom_padding=\u00bb|||0px|false|false\u00bb custom_padding_tablet=\u00bb|||0px|false|false\u00bb custom_padding_phone=\u00bb|||0px|false|false\u00bb custom_padding_last_edited=\u00bbon|phone\u00bb global_colors_info=\u00bb{}\u00bb][et_pb_text _builder_version=\u00bb4.27.0&#8243; _module_preset=\u00bbdefault\u00bb header_font=\u00bb&#8211;et_global_body_font|700|||||||\u00bb header_text_align=\u00bbleft\u00bb header_text_color=\u00bb#3E6634&#8243; header_2_font=\u00bbPoppins|800|||||||\u00bb header_2_text_align=\u00bbleft\u00bb header_2_text_color=\u00bb#3E6634&#8243; header_2_font_size=\u00bb38px\u00bb header_2_line_height=\u00bb1.1em\u00bb text_orientation=\u00bbcenter\u00bb custom_margin=\u00bb||0px|||\u00bb custom_margin_tablet=\u00bb||0px|||\u00bb custom_margin_phone=\u00bb-23px||0px||false|false\u00bb custom_margin_last_edited=\u00bbon|phone\u00bb custom_padding=\u00bb||7px||false|false\u00bb header_text_align_tablet=\u00bbleft\u00bb header_text_align_phone=\u00bbleft\u00bb header_text_align_last_edited=\u00bbon|phone\u00bb header_font_size_tablet=\u00bb\u00bb header_font_size_phone=\u00bb26px\u00bb header_font_size_last_edited=\u00bbon|phone\u00bb header_2_text_align_tablet=\u00bbleft\u00bb header_2_text_align_phone=\u00bbcenter\u00bb header_2_text_align_last_edited=\u00bbon|phone\u00bb header_2_font_size_tablet=\u00bb30px\u00bb header_2_font_size_phone=\u00bb24px\u00bb header_2_font_size_last_edited=\u00bbon|phone\u00bb header_2_letter_spacing_tablet=\u00bb\u00bb header_2_letter_spacing_phone=\u00bb\u00bb header_2_letter_spacing_last_edited=\u00bbon|phone\u00bb header_2_line_height_tablet=\u00bb\u00bb header_2_line_height_phone=\u00bb1.1em\u00bb header_2_line_height_last_edited=\u00bbon|phone\u00bb global_colors_info=\u00bb{}\u00bb]<\/p>\n<h1>What is SteviaFit?<\/h1>\n<p>[\/et_pb_text][et_pb_text _builder_version=\u00bb4.27.0&#8243; _module_preset=\u00bbdefault\u00bb text_font=\u00bbPoppins|300|||||||\u00bb text_text_color=\u00bb#0a0a0a\u00bb text_font_size=\u00bb17px\u00bb text_line_height=\u00bb1.3em\u00bb custom_padding=\u00bb||0px||false|false\u00bb text_font_size_tablet=\u00bb\u00bb text_font_size_phone=\u00bb16px\u00bb text_font_size_last_edited=\u00bbon|phone\u00bb text_line_height_tablet=\u00bb1.5em\u00bb text_line_height_phone=\u00bb1.2em\u00bb text_line_height_last_edited=\u00bbon|phone\u00bb text_orientation_tablet=\u00bb\u00bb text_orientation_phone=\u00bbleft\u00bb text_orientation_last_edited=\u00bbon|phone\u00bb global_colors_info=\u00bb{}\u00bb]<\/p>\n<p>The best option to sweeten your life without guilt. Enjoy an exquisite taste without worrying about extra calories\u2014it\u2019s the perfect choice for those who want the best for their health without giving up life\u2019s sweet moments.<\/p>\n<p>[\/et_pb_text][\/et_pb_column][et_pb_column type=\u00bb2_5&#8243; _builder_version=\u00bb4.25.2&#8243; _module_preset=\u00bbdefault\u00bb global_colors_info=\u00bb{}\u00bb][et_pb_image src=\u00bbhttps:\/\/stevia-fit.com\/wp-content\/uploads\/2024\/07\/Family-Pack.png\u00bb alt=\u00bbFamily-Pack\u00bb title_text=\u00bbFamily Pack\u00bb _builder_version=\u00bb4.27.4&#8243; _module_preset=\u00bbdefault\u00bb width=\u00bb62%\u00bb module_alignment=\u00bbleft\u00bb custom_margin_tablet=\u00bb\u00bb custom_margin_phone=\u00bb-12px||||false|false\u00bb custom_margin_last_edited=\u00bbon|phone\u00bb hover_enabled=\u00bb0&#8243; global_colors_info=\u00bb{}\u00bb sticky_enabled=\u00bb0&#8243;][\/et_pb_image][\/et_pb_column][\/et_pb_row][et_pb_row custom_padding_last_edited=\u00bbon|phone\u00bb _builder_version=\u00bb4.27.0&#8243; _module_preset=\u00bbdefault\u00bb width=\u00bb85%\u00bb width_tablet=\u00bb73%\u00bb width_phone=\u00bb90%\u00bb width_last_edited=\u00bbon|phone\u00bb custom_padding=\u00bb19px||0px||false|false\u00bb custom_padding_tablet=\u00bb19px||0px||false|false\u00bb custom_padding_phone=\u00bb37px||0px||false|false\u00bb global_colors_info=\u00bb{}\u00bb][et_pb_column type=\u00bb4_4&#8243; _builder_version=\u00bb4.25.2&#8243; _module_preset=\u00bbdefault\u00bb global_colors_info=\u00bb{}\u00bb][et_pb_text _builder_version=\u00bb4.27.0&#8243; _module_preset=\u00bbdefault\u00bb header_2_font=\u00bbPoppins|700|||||||\u00bb header_2_text_align=\u00bbleft\u00bb header_2_text_color=\u00bb#3E6634&#8243; header_2_font_size=\u00bb28px\u00bb header_2_line_height=\u00bb1.1em\u00bb text_orientation=\u00bbcenter\u00bb custom_margin=\u00bb-12px||0px||false|false\u00bb custom_margin_tablet=\u00bb||0px|||\u00bb custom_margin_phone=\u00bb-23px||0px||false|false\u00bb custom_margin_last_edited=\u00bbon|phone\u00bb custom_padding=\u00bb0px||7px||false|false\u00bb header_2_text_align_tablet=\u00bbleft\u00bb header_2_text_align_phone=\u00bbcenter\u00bb header_2_text_align_last_edited=\u00bbon|phone\u00bb header_2_font_size_tablet=\u00bb30px\u00bb header_2_font_size_phone=\u00bb24px\u00bb header_2_font_size_last_edited=\u00bbon|phone\u00bb header_2_letter_spacing_tablet=\u00bb\u00bb header_2_letter_spacing_phone=\u00bb\u00bb header_2_letter_spacing_last_edited=\u00bbon|phone\u00bb header_2_line_height_tablet=\u00bb\u00bb header_2_line_height_phone=\u00bb1.1em\u00bb header_2_line_height_last_edited=\u00bbon|phone\u00bb global_colors_info=\u00bb{}\u00bb]<\/p>\n<h2>Why Choose SteviaFit?<\/h2>\n<p>[\/et_pb_text][\/et_pb_column][\/et_pb_row][et_pb_row column_structure=\u00bb1_2,1_2&#8243; _builder_version=\u00bb4.27.0&#8243; _module_preset=\u00bbdefault\u00bb custom_margin_tablet=\u00bb\u00bb custom_margin_phone=\u00bb-19px||||false|false\u00bb custom_margin_last_edited=\u00bbon|phone\u00bb global_colors_info=\u00bb{}\u00bb][et_pb_column type=\u00bb1_2&#8243; _builder_version=\u00bb4.27.0&#8243; _module_preset=\u00bbdefault\u00bb global_colors_info=\u00bb{}\u00bb][et_pb_blurb title=\u00bbSabor intenso con solo dos gotas\u00bb use_icon=\u00bbon\u00bb font_icon=\u00bb&#xf14a;||fa||400&#8243; icon_color=\u00bb#3E6634&#8243; icon_placement=\u00bbleft\u00bb image_icon_width=\u00bb24px\u00bb _builder_version=\u00bb4.27.0&#8243; _module_preset=\u00bbdefault\u00bb header_level=\u00bbh3&#8243; header_font=\u00bb&#8211;et_global_body_font||||||||\u00bb header_text_color=\u00bb#3E6634&#8243; header_font_size=\u00bb20px\u00bb body_font=\u00bb&#8211;et_global_body_font|300|||||||\u00bb body_text_color=\u00bb#0a0a0a\u00bb body_font_size=\u00bb15px\u00bb body_line_height=\u00bb1.4em\u00bb image_icon_custom_margin=\u00bb|||19px|false|false\u00bb custom_margin=\u00bb|||-112px|false|false\u00bb custom_margin_tablet=\u00bb|||-112px|false|false\u00bb custom_margin_phone=\u00bb|||-16px|false|false\u00bb custom_margin_last_edited=\u00bbon|phone\u00bb custom_padding=\u00bb|||0px|false|false\u00bb animation=\u00bboff\u00bb global_colors_info=\u00bb{}\u00bb]<\/p>\n<p>Thanks to its sweet, concentrated flavor, SteviaFit sweetens all kinds of beverages with just two drops\u2014from your morning coffee to cocktails. It\u2019s also ideal for desserts and salad dressings.<\/p>\n<p>[\/et_pb_blurb][et_pb_blurb title=\u00bbIdeal para toda la familia\u00bb use_icon=\u00bbon\u00bb font_icon=\u00bb&#xf14a;||fa||400&#8243; icon_color=\u00bb#3E6634&#8243; icon_placement=\u00bbleft\u00bb image_icon_width=\u00bb24px\u00bb _builder_version=\u00bb4.27.0&#8243; _module_preset=\u00bbdefault\u00bb header_level=\u00bbh3&#8243; header_font=\u00bb&#8211;et_global_body_font||||||||\u00bb header_text_color=\u00bb#3E6634&#8243; header_font_size=\u00bb20px\u00bb body_font=\u00bb&#8211;et_global_body_font|300|||||||\u00bb body_text_color=\u00bb#0a0a0a\u00bb body_font_size=\u00bb15px\u00bb body_line_height=\u00bb1.4em\u00bb image_icon_custom_margin=\u00bb|||19px|false|false\u00bb custom_margin=\u00bb|||-112px|false|false\u00bb custom_margin_tablet=\u00bb|||-112px|false|false\u00bb custom_margin_phone=\u00bb|||-16px|false|false\u00bb custom_margin_last_edited=\u00bbon|phone\u00bb custom_padding=\u00bb|||0px|false|false\u00bb animation=\u00bboff\u00bb global_colors_info=\u00bb{}\u00bb]<\/p>\n<p>SteviaFit is suitable for everyone\u2014from kids to older adults, athletes, or anyone who cares about their health. It\u2019s the perfect substitute for sugar and other caloric sweeteners.<\/p>\n<p>[\/et_pb_blurb][et_pb_blurb title=\u00bbSabor puro, sin retrogusto amargo\u00bb use_icon=\u00bbon\u00bb font_icon=\u00bb&#xf14a;||fa||400&#8243; icon_color=\u00bb#3E6634&#8243; icon_placement=\u00bbleft\u00bb image_icon_width=\u00bb24px\u00bb _builder_version=\u00bb4.27.0&#8243; _module_preset=\u00bbdefault\u00bb header_level=\u00bbh3&#8243; header_font=\u00bb&#8211;et_global_body_font||||||||\u00bb header_text_color=\u00bb#3E6634&#8243; header_font_size=\u00bb20px\u00bb body_font=\u00bb&#8211;et_global_body_font|300|||||||\u00bb body_text_color=\u00bb#0a0a0a\u00bb body_font_size=\u00bb15px\u00bb body_line_height=\u00bb1.4em\u00bb image_icon_custom_margin=\u00bb|||19px|false|false\u00bb custom_margin=\u00bb|||-112px|false|false\u00bb custom_margin_tablet=\u00bb|||-112px|false|false\u00bb custom_margin_phone=\u00bb|||-16px|false|false\u00bb custom_margin_last_edited=\u00bbon|phone\u00bb custom_padding=\u00bb|||0px|false|false\u00bb animation=\u00bboff\u00bb global_colors_info=\u00bb{}\u00bb]<\/p>\n<p>Enjoy your favorite recipes without altering their original flavor. SteviaFit leaves no bitter aftertaste, allowing you to enjoy a clean and pure sweetener.<\/p>\n<p>[\/et_pb_blurb][et_pb_blurb title=\u00bbPortabilidad y conveniencia\u00bb use_icon=\u00bbon\u00bb font_icon=\u00bb&#xf14a;||fa||400&#8243; icon_color=\u00bb#3E6634&#8243; icon_placement=\u00bbleft\u00bb image_icon_width=\u00bb24px\u00bb _builder_version=\u00bb4.27.0&#8243; _module_preset=\u00bbdefault\u00bb header_level=\u00bbh3&#8243; header_font=\u00bb&#8211;et_global_body_font||||||||\u00bb header_text_color=\u00bb#3E6634&#8243; header_font_size=\u00bb20px\u00bb body_font=\u00bb&#8211;et_global_body_font|300|||||||\u00bb body_text_color=\u00bb#0a0a0a\u00bb body_font_size=\u00bb15px\u00bb body_line_height=\u00bb1.4em\u00bb image_icon_custom_margin=\u00bb|||19px|false|false\u00bb custom_margin=\u00bb|||-112px|false|false\u00bb custom_margin_tablet=\u00bb|||-112px|false|false\u00bb custom_margin_phone=\u00bb|||-16px|false|false\u00bb custom_margin_last_edited=\u00bbon|phone\u00bb custom_padding=\u00bb|||0px|false|false\u00bb animation=\u00bboff\u00bb global_colors_info=\u00bb{}\u00bb]<\/p>\n<p>Take SteviaFit with you everywhere\u2014from a night out with friends to your favorite coffee shop, to work or while traveling. Its dropper bottle makes dosing easy and turns it into the perfect companion for your lifestyle.<\/p>\n<p>[\/et_pb_blurb][et_pb_image src=\u00bbhttps:\/\/stevia-fit.com\/wp-content\/uploads\/2024\/06\/steviafit-no-cambia-el-sabor.png\u00bb alt=\u00bbsteviafit\u00bb title_text=\u00bbsteviafit-no cambia el sabor\u00bb align=\u00bbcenter\u00bb align_tablet=\u00bb\u00bb align_phone=\u00bbcenter\u00bb align_last_edited=\u00bbon|phone\u00bb _builder_version=\u00bb4.27.0&#8243; _module_preset=\u00bbdefault\u00bb width_tablet=\u00bb\u00bb width_phone=\u00bb360px\u00bb width_last_edited=\u00bbon|phone\u00bb custom_margin=\u00bb-8px||20px||false|false\u00bb custom_margin_tablet=\u00bb\u00bb custom_margin_phone=\u00bb|||-25px|false|false\u00bb custom_margin_last_edited=\u00bbon|phone\u00bb custom_padding=\u00bb11px||0px||false|false\u00bb animation_style=\u00bbbounce\u00bb global_colors_info=\u00bb{}\u00bb][\/et_pb_image][\/et_pb_column][et_pb_column type=\u00bb1_2&#8243; _builder_version=\u00bb4.27.0&#8243; _module_preset=\u00bbdefault\u00bb global_colors_info=\u00bb{}\u00bb][wpforms_selector form_id=\u00bb890&#8243; show_title=\u00bbon\u00bb show_desc=\u00bboff\u00bb _builder_version=\u00bb4.27.0&#8243; _module_preset=\u00bbdefault\u00bb custom_margin=\u00bb-39px||||false|false\u00bb custom_css_free_form=\u00bb.et-db #et-boc .et-l .et_pb_module div.wpforms-container-full .wpforms-field-label, .et-db #et-boc .et-l .et_pb_module .wp-core-ui div.wpforms-container-full .wpforms-field-label {||    margin: 0 0 var(&#8211;wpforms-field-size-input-spacing) 0;||    margin-bottom: 3px;||    padding: 0;||    font-size: var(&#8211;wpforms-label-size-font-size);||    line-height: var(&#8211;wpforms-label-size-line-height);||    color: var(&#8211;wpforms-label-color);||}||||.et-db #et-boc .et-l .et_pb_module .wpforms-container .wpforms-field, .et-db #et-boc .et-l .et_pb_module .wp-core-ui div.wpforms-container .wpforms-field {||    padding: 8px 0;||    position: relative;||}\u00bb locked=\u00bboff\u00bb global_colors_info=\u00bb{}\u00bb][\/wpforms_selector][\/et_pb_column][\/et_pb_row][\/et_pb_section]<\/p>","protected":false},"excerpt":{"rendered":"<p>SteviaFit es endulzante sin calor\u00edas, 300 veces m\u00e1s dulce que el az\u00facar. Alternativa natural. \u00a1Prueba SteviaFit hoy mismo!<\/p>","protected":false},"author":1,"featured_media":0,"parent":0,"menu_order":0,"comment_status":"closed","ping_status":"closed","template":"","meta":{"_et_pb_use_builder":"on","_et_pb_old_content":"","_et_gb_content_width":"","footnotes":""},"dipi_cpt_category":[],"class_list":["post-540","page","type-page","status-publish","hentry"],"yoast_head":"<!-- This site is optimized with the Yoast SEO plugin v23.9 - https:\/\/yoast.com\/wordpress\/plugins\/seo\/ -->\n<title>\u00bfQu\u00e9 es SteviaFit? | Endulzante Sin Calor\u00edas<\/title>\n<meta name=\"description\" content=\"SteviaFit es un endulzante sin calor\u00edas, 300 veces m\u00e1s dulce que el az\u00facar. Prueba SteviaFit hoy mismo\" \/>\n<meta name=\"robots\" content=\"index, follow, max-snippet:-1, max-image-preview:large, max-video-preview:-1\" \/>\n<link rel=\"canonical\" href=\"https:\/\/stevia-fit.com\/en\/que-es-steviafit\/\" \/>\n<meta property=\"og:locale\" content=\"en_US\" \/>\n<meta property=\"og:type\" content=\"article\" \/>\n<meta property=\"og:title\" content=\"\u00bfQu\u00e9 es SteviaFit? | stevia-fit.com\" \/>\n<meta property=\"og:description\" content=\"SteviaFit es un endulzante sin calor\u00edas, 300 veces m\u00e1s dulce que el az\u00facar. Prueba SteviaFit hoy mismo\" \/>\n<meta property=\"og:url\" content=\"https:\/\/stevia-fit.com\/en\/que-es-steviafit\/\" \/>\n<meta property=\"og:site_name\" content=\"SteviaFit\" \/>\n<meta property=\"article:publisher\" content=\"https:\/\/www.facebook.com\/steviafit.ec\" \/>\n<meta property=\"article:modified_time\" content=\"2025-03-17T16:53:21+00:00\" \/>\n<meta property=\"og:image\" content=\"https:\/\/stevia-fit.com\/wp-content\/uploads\/2024\/07\/duo-pack.jpg\" \/>\n\t<meta property=\"og:image:width\" content=\"1000\" \/>\n\t<meta property=\"og:image:height\" content=\"1000\" \/>\n\t<meta property=\"og:image:type\" content=\"image\/jpeg\" \/>\n<meta name=\"twitter:card\" content=\"summary_large_image\" \/>\n<meta name=\"twitter:title\" content=\"\u00bfQu\u00e9 es SteviaFit? | stevia-fit.com\" \/>\n<meta name=\"twitter:description\" content=\"SteviaFit es un endulzante sin calor\u00edas, 300 veces m\u00e1s dulce que el az\u00facar. Prueba SteviaFit hoy mismo\" \/>\n<meta name=\"twitter:image\" content=\"https:\/\/stevia-fit.com\/wp-content\/uploads\/2024\/07\/duo-pack.jpg\" \/>\n<meta name=\"twitter:label1\" content=\"Est. reading time\" \/>\n\t<meta name=\"twitter:data1\" content=\"2 minutes\" \/>\n<script type=\"application\/ld+json\" class=\"yoast-schema-graph\">{\"@context\":\"https:\/\/schema.org\",\"@graph\":[{\"@type\":\"WebPage\",\"@id\":\"https:\/\/stevia-fit.com\/que-es-steviafit\/\",\"url\":\"https:\/\/stevia-fit.com\/que-es-steviafit\/\",\"name\":\"\u00bfQu\u00e9 es SteviaFit? | Endulzante Sin Calor\u00edas\",\"isPartOf\":{\"@id\":\"https:\/\/stevia-fit.com\/#website\"},\"datePublished\":\"2024-06-10T03:13:26+00:00\",\"dateModified\":\"2025-03-17T16:53:21+00:00\",\"description\":\"SteviaFit es un endulzante sin calor\u00edas, 300 veces m\u00e1s dulce que el az\u00facar. Prueba SteviaFit hoy mismo\",\"breadcrumb\":{\"@id\":\"https:\/\/stevia-fit.com\/que-es-steviafit\/#breadcrumb\"},\"inLanguage\":\"en-US\",\"potentialAction\":[{\"@type\":\"ReadAction\",\"target\":[\"https:\/\/stevia-fit.com\/que-es-steviafit\/\"]}]},{\"@type\":\"BreadcrumbList\",\"@id\":\"https:\/\/stevia-fit.com\/que-es-steviafit\/#breadcrumb\",\"itemListElement\":[{\"@type\":\"ListItem\",\"position\":1,\"name\":\"Portada\",\"item\":\"https:\/\/stevia-fit.com\/\"},{\"@type\":\"ListItem\",\"position\":2,\"name\":\"\u00bfQu\u00e9 es SteviaFit?\"}]},{\"@type\":\"WebSite\",\"@id\":\"https:\/\/stevia-fit.com\/#website\",\"url\":\"https:\/\/stevia-fit.com\/\",\"name\":\"SteviaFit\",\"description\":\"SteviaFit\",\"publisher\":{\"@id\":\"https:\/\/stevia-fit.com\/#organization\"},\"potentialAction\":[{\"@type\":\"SearchAction\",\"target\":{\"@type\":\"EntryPoint\",\"urlTemplate\":\"https:\/\/stevia-fit.com\/?s={search_term_string}\"},\"query-input\":{\"@type\":\"PropertyValueSpecification\",\"valueRequired\":true,\"valueName\":\"search_term_string\"}}],\"inLanguage\":\"en-US\"},{\"@type\":\"Organization\",\"@id\":\"https:\/\/stevia-fit.com\/#organization\",\"name\":\"Worldfit\",\"url\":\"https:\/\/stevia-fit.com\/\",\"logo\":{\"@type\":\"ImageObject\",\"inLanguage\":\"en-US\",\"@id\":\"https:\/\/stevia-fit.com\/#\/schema\/logo\/image\/\",\"url\":\"https:\/\/stevia-fit.com\/wp-content\/uploads\/2024\/06\/logo-vertical-steviafit.svg\",\"contentUrl\":\"https:\/\/stevia-fit.com\/wp-content\/uploads\/2024\/06\/logo-vertical-steviafit.svg\",\"width\":1,\"height\":1,\"caption\":\"Worldfit\"},\"image\":{\"@id\":\"https:\/\/stevia-fit.com\/#\/schema\/logo\/image\/\"},\"sameAs\":[\"https:\/\/www.facebook.com\/steviafit.ec\",\"https:\/\/www.instagram.com\/steviafit.ec\/\",\"https:\/\/www.tiktok.com\/@steviafit\"]}]}<\/script>\n<!-- \/ Yoast SEO plugin. -->","yoast_head_json":{"title":"\u00bfQu\u00e9 es SteviaFit? | Endulzante Sin Calor\u00edas","description":"SteviaFit es un endulzante sin calor\u00edas, 300 veces m\u00e1s dulce que el az\u00facar. Prueba SteviaFit hoy mismo","robots":{"index":"index","follow":"follow","max-snippet":"max-snippet:-1","max-image-preview":"max-image-preview:large","max-video-preview":"max-video-preview:-1"},"canonical":"https:\/\/stevia-fit.com\/en\/que-es-steviafit\/","og_locale":"en_US","og_type":"article","og_title":"\u00bfQu\u00e9 es SteviaFit? | stevia-fit.com","og_description":"SteviaFit es un endulzante sin calor\u00edas, 300 veces m\u00e1s dulce que el az\u00facar. Prueba SteviaFit hoy mismo","og_url":"https:\/\/stevia-fit.com\/en\/que-es-steviafit\/","og_site_name":"SteviaFit","article_publisher":"https:\/\/www.facebook.com\/steviafit.ec","article_modified_time":"2025-03-17T16:53:21+00:00","og_image":[{"width":1000,"height":1000,"url":"https:\/\/stevia-fit.com\/wp-content\/uploads\/2024\/07\/duo-pack.jpg","type":"image\/jpeg"}],"twitter_card":"summary_large_image","twitter_title":"\u00bfQu\u00e9 es SteviaFit? | stevia-fit.com","twitter_description":"SteviaFit es un endulzante sin calor\u00edas, 300 veces m\u00e1s dulce que el az\u00facar. Prueba SteviaFit hoy mismo","twitter_image":"https:\/\/stevia-fit.com\/wp-content\/uploads\/2024\/07\/duo-pack.jpg","twitter_misc":{"Est. reading time":"2 minutes"},"schema":{"@context":"https:\/\/schema.org","@graph":[{"@type":"WebPage","@id":"https:\/\/stevia-fit.com\/que-es-steviafit\/","url":"https:\/\/stevia-fit.com\/que-es-steviafit\/","name":"\u00bfQu\u00e9 es SteviaFit? | Endulzante Sin Calor\u00edas","isPartOf":{"@id":"https:\/\/stevia-fit.com\/#website"},"datePublished":"2024-06-10T03:13:26+00:00","dateModified":"2025-03-17T16:53:21+00:00","description":"SteviaFit es un endulzante sin calor\u00edas, 300 veces m\u00e1s dulce que el az\u00facar. Prueba SteviaFit hoy mismo","breadcrumb":{"@id":"https:\/\/stevia-fit.com\/que-es-steviafit\/#breadcrumb"},"inLanguage":"en-US","potentialAction":[{"@type":"ReadAction","target":["https:\/\/stevia-fit.com\/que-es-steviafit\/"]}]},{"@type":"BreadcrumbList","@id":"https:\/\/stevia-fit.com\/que-es-steviafit\/#breadcrumb","itemListElement":[{"@type":"ListItem","position":1,"name":"Portada","item":"https:\/\/stevia-fit.com\/"},{"@type":"ListItem","position":2,"name":"\u00bfQu\u00e9 es SteviaFit?"}]},{"@type":"WebSite","@id":"https:\/\/stevia-fit.com\/#website","url":"https:\/\/stevia-fit.com\/","name":"SteviaFit","description":"SteviaFit","publisher":{"@id":"https:\/\/stevia-fit.com\/#organization"},"potentialAction":[{"@type":"SearchAction","target":{"@type":"EntryPoint","urlTemplate":"https:\/\/stevia-fit.com\/?s={search_term_string}"},"query-input":{"@type":"PropertyValueSpecification","valueRequired":true,"valueName":"search_term_string"}}],"inLanguage":"en-US"},{"@type":"Organization","@id":"https:\/\/stevia-fit.com\/#organization","name":"Worldfit","url":"https:\/\/stevia-fit.com\/","logo":{"@type":"ImageObject","inLanguage":"en-US","@id":"https:\/\/stevia-fit.com\/#\/schema\/logo\/image\/","url":"https:\/\/stevia-fit.com\/wp-content\/uploads\/2024\/06\/logo-vertical-steviafit.svg","contentUrl":"https:\/\/stevia-fit.com\/wp-content\/uploads\/2024\/06\/logo-vertical-steviafit.svg","width":1,"height":1,"caption":"Worldfit"},"image":{"@id":"https:\/\/stevia-fit.com\/#\/schema\/logo\/image\/"},"sameAs":["https:\/\/www.facebook.com\/steviafit.ec","https:\/\/www.instagram.com\/steviafit.ec\/","https:\/\/www.tiktok.com\/@steviafit"]}]}},"_links":{"self":[{"href":"https:\/\/stevia-fit.com\/en\/wp-json\/wp\/v2\/pages\/540","targetHints":{"allow":["GET"]}}],"collection":[{"href":"https:\/\/stevia-fit.com\/en\/wp-json\/wp\/v2\/pages"}],"about":[{"href":"https:\/\/stevia-fit.com\/en\/wp-json\/wp\/v2\/types\/page"}],"author":[{"embeddable":true,"href":"https:\/\/stevia-fit.com\/en\/wp-json\/wp\/v2\/users\/1"}],"replies":[{"embeddable":true,"href":"https:\/\/stevia-fit.com\/en\/wp-json\/wp\/v2\/comments?post=540"}],"version-history":[{"count":19,"href":"https:\/\/stevia-fit.com\/en\/wp-json\/wp\/v2\/pages\/540\/revisions"}],"predecessor-version":[{"id":1239,"href":"https:\/\/stevia-fit.com\/en\/wp-json\/wp\/v2\/pages\/540\/revisions\/1239"}],"wp:attachment":[{"href":"https:\/\/stevia-fit.com\/en\/wp-json\/wp\/v2\/media?parent=540"}],"wp:term":[{"taxonomy":"dipi_cpt_category","embeddable":true,"href":"https:\/\/stevia-fit.com\/en\/wp-json\/wp\/v2\/dipi_cpt_category?post=540"}],"curies":[{"name":"wp","href":"https:\/\/api.w.org\/{rel}","templated":true}]}}