{"id":460,"date":"2024-06-02T22:23:30","date_gmt":"2024-06-02T22:23:30","guid":{"rendered":"https:\/\/stevia-fit.com\/?page_id=460"},"modified":"2024-08-27T04:41:28","modified_gmt":"2024-08-27T04:41:28","slug":"contactanos","status":"publish","type":"page","link":"https:\/\/stevia-fit.com\/en\/contactanos\/","title":{"rendered":"Contact Us"},"content":{"rendered":"<p>[et_pb_section fb_built=\u00bb1&#8243; fullwidth=\u00bbon\u00bb _builder_version=\u00bb4.25.1&#8243; _module_preset=\u00bbdefault\u00bb custom_padding=\u00bb0px||0px||true|false\u00bb hover_enabled=\u00bb0&#8243; box_shadow_style=\u00bbpreset3&#8243; locked=\u00bboff\u00bb global_colors_info=\u00bb{}\u00bb sticky_enabled=\u00bb0&#8243;][et_pb_fullwidth_slider _builder_version=\u00bb4.27.0&#8243; _module_preset=\u00bbdefault\u00bb custom_padding=\u00bb88px||88px||true|false\u00bb auto=\u00bbon\u00bb auto_ignore_hover=\u00bbon\u00bb hover_enabled=\u00bb0&#8243; global_colors_info=\u00bb{}\u00bb sticky_enabled=\u00bb0&#8243;][et_pb_slide _builder_version=\u00bb4.27.0&#8243; _module_preset=\u00bbdefault\u00bb background_enable_color=\u00bboff\u00bb background_image=\u00bbhttps:\/\/stevia-fit.com\/wp-content\/uploads\/2024\/06\/ban1.webp\u00bb background_enable_image=\u00bbon\u00bb custom_padding=\u00bb165px||165px||true|false\u00bb custom_padding_tablet=\u00bb165px||165px||true|false\u00bb custom_padding_phone=\u00bb177px||177px||true|false\u00bb custom_padding_last_edited=\u00bbon|desktop\u00bb hover_enabled=\u00bb0&#8243; background_last_edited=\u00bbon|phone\u00bb background_image_phone=\u00bbhttps:\/\/stevia-fit.com\/wp-content\/uploads\/2024\/06\/ban1m.webp\u00bb background_enable_image_phone=\u00bbon\u00bb global_colors_info=\u00bb{}\u00bb sticky_transition=\u00bbon\u00bb alt=\u00bbsteviafit\u00bb title_text=\u00bbban1m\u00bb sticky_enabled=\u00bb0&#8243;][\/et_pb_slide][\/et_pb_fullwidth_slider][\/et_pb_section][et_pb_section fb_built=\u00bb1&#8243; custom_padding_last_edited=\u00bbon|phone\u00bb _builder_version=\u00bb4.27.0&#8243; _module_preset=\u00bbdefault\u00bb background_color=\u00bb#ffffff\u00bb background_image=\u00bbhttps:\/\/stevia-fit.com\/wp-content\/uploads\/2024\/06\/fondo-steviafit-1.jpg\u00bb background_size=\u00bbcontain\u00bb background_position=\u00bbtop_left\u00bb custom_padding=\u00bb29px||||false|false\u00bb custom_padding_tablet=\u00bb29px||||false|false\u00bb custom_padding_phone=\u00bb29px||0px||false|false\u00bb global_colors_info=\u00bb{}\u00bb][et_pb_row column_structure=\u00bb1_2,1_2&#8243; _builder_version=\u00bb4.27.0&#8243; _module_preset=\u00bbdefault\u00bb width=\u00bb64%\u00bb width_tablet=\u00bb42%\u00bb width_phone=\u00bb72%\u00bb width_last_edited=\u00bbon|desktop\u00bb global_colors_info=\u00bb{}\u00bb][et_pb_column type=\u00bb1_2&#8243; _builder_version=\u00bb4.25.2&#8243; _module_preset=\u00bbdefault\u00bb global_colors_info=\u00bb{}\u00bb][et_pb_text _builder_version=\u00bb4.27.0&#8243; _module_preset=\u00bbdefault\u00bb header_2_font=\u00bbPoppins|800|||||||\u00bb header_2_text_align=\u00bbleft\u00bb header_2_text_color=\u00bb#3E6634&#8243; header_2_font_size=\u00bb38px\u00bb header_2_line_height=\u00bb1.1em\u00bb text_orientation=\u00bbcenter\u00bb custom_margin=\u00bb||0px|||\u00bb custom_margin_tablet=\u00bb||0px|||\u00bb custom_margin_phone=\u00bb-23px||0px||false|false\u00bb custom_margin_last_edited=\u00bbon|phone\u00bb header_2_text_align_tablet=\u00bbleft\u00bb header_2_text_align_phone=\u00bbcenter\u00bb header_2_text_align_last_edited=\u00bbon|phone\u00bb header_2_font_size_tablet=\u00bb30px\u00bb header_2_font_size_phone=\u00bb24px\u00bb header_2_font_size_last_edited=\u00bbon|phone\u00bb header_2_letter_spacing_tablet=\u00bb\u00bb header_2_letter_spacing_phone=\u00bb\u00bb header_2_letter_spacing_last_edited=\u00bbon|phone\u00bb header_2_line_height_tablet=\u00bb\u00bb header_2_line_height_phone=\u00bb1.1em\u00bb header_2_line_height_last_edited=\u00bbon|phone\u00bb global_colors_info=\u00bb{}\u00bb]<\/p>\n<h2>Interested in Discovering SteviaFit Products?<\/h2>\n<p>[\/et_pb_text][et_pb_text _builder_version=\u00bb4.27.0&#8243; _module_preset=\u00bbdefault\u00bb text_font=\u00bbPoppins|300|||||||\u00bb text_text_color=\u00bb#0a0a0a\u00bb text_line_height=\u00bb1.5em\u00bb hover_enabled=\u00bb0&#8243; text_font_size_tablet=\u00bb\u00bb text_font_size_phone=\u00bb17px\u00bb text_font_size_last_edited=\u00bbon|phone\u00bb text_line_height_tablet=\u00bb1.5em\u00bb text_line_height_phone=\u00bb1.2em\u00bb text_line_height_last_edited=\u00bbon|phone\u00bb text_orientation_tablet=\u00bb\u00bb text_orientation_phone=\u00bbcenter\u00bb text_orientation_last_edited=\u00bbon|phone\u00bb global_colors_info=\u00bb{}\u00bb sticky_enabled=\u00bb0&#8243;]<\/p>\n<p>If you would like to purchase our products or are interested in distributing SteviaFit in your business, we\u2019re here to help. Please complete the contact form below, and a member of our team will get in touch with you shortly.<\/p>\n<p>We\u2019re thrilled to partner with you and share the sweetness of SteviaFit with more people!<\/p>\n<p>[\/et_pb_text][\/et_pb_column][et_pb_column type=\u00bb1_2&#8243; _builder_version=\u00bb4.25.2&#8243; _module_preset=\u00bbdefault\u00bb global_colors_info=\u00bb{}\u00bb][wpforms_selector form_id=\u00bb890&#8243; _builder_version=\u00bb4.27.0&#8243; _module_preset=\u00bbdefault\u00bb custom_margin_tablet=\u00bb\u00bb custom_margin_phone=\u00bb-27px||||false|false\u00bb custom_margin_last_edited=\u00bbon|phone\u00bb custom_padding_tablet=\u00bb\u00bb custom_padding_phone=\u00bb||0px||false|false\u00bb custom_padding_last_edited=\u00bbon|phone\u00bb global_colors_info=\u00bb{}\u00bb][\/wpforms_selector][\/et_pb_column][\/et_pb_row][\/et_pb_section]<\/p>","protected":false},"excerpt":{"rendered":"<p>\u00bfInteresado en Nuestros Productos SteviaFit?Si deseas adquirir nuestros productos o est\u00e1s interesado en distribuir SteviaFit en tu negocio, estamos aqu\u00ed para ayudarte. Completa el formulario de contacto a continuaci\u00f3n, y un miembro de nuestro equipo se pondr\u00e1 en contacto contigo a la brevedad. \u00a1Estamos emocionados de colaborar contigo en llevar la dulzura de SteviaFit a [&hellip;]<\/p>","protected":false},"author":1,"featured_media":0,"parent":0,"menu_order":0,"comment_status":"closed","ping_status":"closed","template":"","meta":{"_et_pb_use_builder":"on","_et_pb_old_content":"","_et_gb_content_width":"","footnotes":""},"dipi_cpt_category":[],"class_list":["post-460","page","type-page","status-publish","hentry"],"yoast_head":"<!-- This site is optimized with the Yoast SEO plugin v23.9 - https:\/\/yoast.com\/wordpress\/plugins\/seo\/ -->\n<title>Cont\u00e1ctanos - SteviaFit<\/title>\n<meta name=\"robots\" content=\"index, follow, max-snippet:-1, max-image-preview:large, max-video-preview:-1\" \/>\n<link rel=\"canonical\" href=\"https:\/\/stevia-fit.com\/en\/contactanos\/\" \/>\n<meta property=\"og:locale\" content=\"en_US\" \/>\n<meta property=\"og:type\" content=\"article\" \/>\n<meta property=\"og:title\" content=\"Cont\u00e1ctanos - SteviaFit\" \/>\n<meta property=\"og:description\" content=\"\u00bfInteresado en Nuestros Productos SteviaFit?Si deseas adquirir nuestros productos o est\u00e1s interesado en distribuir SteviaFit en tu negocio, estamos aqu\u00ed para ayudarte. Completa el formulario de contacto a continuaci\u00f3n, y un miembro de nuestro equipo se pondr\u00e1 en contacto contigo a la brevedad. \u00a1Estamos emocionados de colaborar contigo en llevar la dulzura de SteviaFit a [&hellip;]\" \/>\n<meta property=\"og:url\" content=\"https:\/\/stevia-fit.com\/en\/contactanos\/\" \/>\n<meta property=\"og:site_name\" content=\"SteviaFit\" \/>\n<meta property=\"article:publisher\" content=\"https:\/\/www.facebook.com\/steviafit.ec\" \/>\n<meta property=\"article:modified_time\" content=\"2024-08-27T04:41:28+00:00\" \/>\n<meta name=\"twitter:card\" content=\"summary_large_image\" \/>\n<meta name=\"twitter:label1\" content=\"Est. reading time\" \/>\n\t<meta name=\"twitter:data1\" content=\"3 minutes\" \/>\n<script type=\"application\/ld+json\" class=\"yoast-schema-graph\">{\"@context\":\"https:\/\/schema.org\",\"@graph\":[{\"@type\":\"WebPage\",\"@id\":\"https:\/\/stevia-fit.com\/contactanos\/\",\"url\":\"https:\/\/stevia-fit.com\/contactanos\/\",\"name\":\"Cont\u00e1ctanos - SteviaFit\",\"isPartOf\":{\"@id\":\"https:\/\/stevia-fit.com\/#website\"},\"datePublished\":\"2024-06-02T22:23:30+00:00\",\"dateModified\":\"2024-08-27T04:41:28+00:00\",\"breadcrumb\":{\"@id\":\"https:\/\/stevia-fit.com\/contactanos\/#breadcrumb\"},\"inLanguage\":\"en-US\",\"potentialAction\":[{\"@type\":\"ReadAction\",\"target\":[\"https:\/\/stevia-fit.com\/contactanos\/\"]}]},{\"@type\":\"BreadcrumbList\",\"@id\":\"https:\/\/stevia-fit.com\/contactanos\/#breadcrumb\",\"itemListElement\":[{\"@type\":\"ListItem\",\"position\":1,\"name\":\"Portada\",\"item\":\"https:\/\/stevia-fit.com\/\"},{\"@type\":\"ListItem\",\"position\":2,\"name\":\"Cont\u00e1ctanos\"}]},{\"@type\":\"WebSite\",\"@id\":\"https:\/\/stevia-fit.com\/#website\",\"url\":\"https:\/\/stevia-fit.com\/\",\"name\":\"SteviaFit\",\"description\":\"SteviaFit\",\"publisher\":{\"@id\":\"https:\/\/stevia-fit.com\/#organization\"},\"potentialAction\":[{\"@type\":\"SearchAction\",\"target\":{\"@type\":\"EntryPoint\",\"urlTemplate\":\"https:\/\/stevia-fit.com\/?s={search_term_string}\"},\"query-input\":{\"@type\":\"PropertyValueSpecification\",\"valueRequired\":true,\"valueName\":\"search_term_string\"}}],\"inLanguage\":\"en-US\"},{\"@type\":\"Organization\",\"@id\":\"https:\/\/stevia-fit.com\/#organization\",\"name\":\"Worldfit\",\"url\":\"https:\/\/stevia-fit.com\/\",\"logo\":{\"@type\":\"ImageObject\",\"inLanguage\":\"en-US\",\"@id\":\"https:\/\/stevia-fit.com\/#\/schema\/logo\/image\/\",\"url\":\"https:\/\/stevia-fit.com\/wp-content\/uploads\/2024\/06\/logo-vertical-steviafit.svg\",\"contentUrl\":\"https:\/\/stevia-fit.com\/wp-content\/uploads\/2024\/06\/logo-vertical-steviafit.svg\",\"width\":1,\"height\":1,\"caption\":\"Worldfit\"},\"image\":{\"@id\":\"https:\/\/stevia-fit.com\/#\/schema\/logo\/image\/\"},\"sameAs\":[\"https:\/\/www.facebook.com\/steviafit.ec\",\"https:\/\/www.instagram.com\/steviafit.ec\/\",\"https:\/\/www.tiktok.com\/@steviafit\"]}]}<\/script>\n<!-- \/ Yoast SEO plugin. -->","yoast_head_json":{"title":"Cont\u00e1ctanos - SteviaFit","robots":{"index":"index","follow":"follow","max-snippet":"max-snippet:-1","max-image-preview":"max-image-preview:large","max-video-preview":"max-video-preview:-1"},"canonical":"https:\/\/stevia-fit.com\/en\/contactanos\/","og_locale":"en_US","og_type":"article","og_title":"Cont\u00e1ctanos - SteviaFit","og_description":"\u00bfInteresado en Nuestros Productos SteviaFit?Si deseas adquirir nuestros productos o est\u00e1s interesado en distribuir SteviaFit en tu negocio, estamos aqu\u00ed para ayudarte. Completa el formulario de contacto a continuaci\u00f3n, y un miembro de nuestro equipo se pondr\u00e1 en contacto contigo a la brevedad. \u00a1Estamos emocionados de colaborar contigo en llevar la dulzura de SteviaFit a [&hellip;]","og_url":"https:\/\/stevia-fit.com\/en\/contactanos\/","og_site_name":"SteviaFit","article_publisher":"https:\/\/www.facebook.com\/steviafit.ec","article_modified_time":"2024-08-27T04:41:28+00:00","twitter_card":"summary_large_image","twitter_misc":{"Est. reading time":"3 minutes"},"schema":{"@context":"https:\/\/schema.org","@graph":[{"@type":"WebPage","@id":"https:\/\/stevia-fit.com\/contactanos\/","url":"https:\/\/stevia-fit.com\/contactanos\/","name":"Cont\u00e1ctanos - SteviaFit","isPartOf":{"@id":"https:\/\/stevia-fit.com\/#website"},"datePublished":"2024-06-02T22:23:30+00:00","dateModified":"2024-08-27T04:41:28+00:00","breadcrumb":{"@id":"https:\/\/stevia-fit.com\/contactanos\/#breadcrumb"},"inLanguage":"en-US","potentialAction":[{"@type":"ReadAction","target":["https:\/\/stevia-fit.com\/contactanos\/"]}]},{"@type":"BreadcrumbList","@id":"https:\/\/stevia-fit.com\/contactanos\/#breadcrumb","itemListElement":[{"@type":"ListItem","position":1,"name":"Portada","item":"https:\/\/stevia-fit.com\/"},{"@type":"ListItem","position":2,"name":"Cont\u00e1ctanos"}]},{"@type":"WebSite","@id":"https:\/\/stevia-fit.com\/#website","url":"https:\/\/stevia-fit.com\/","name":"SteviaFit","description":"SteviaFit","publisher":{"@id":"https:\/\/stevia-fit.com\/#organization"},"potentialAction":[{"@type":"SearchAction","target":{"@type":"EntryPoint","urlTemplate":"https:\/\/stevia-fit.com\/?s={search_term_string}"},"query-input":{"@type":"PropertyValueSpecification","valueRequired":true,"valueName":"search_term_string"}}],"inLanguage":"en-US"},{"@type":"Organization","@id":"https:\/\/stevia-fit.com\/#organization","name":"Worldfit","url":"https:\/\/stevia-fit.com\/","logo":{"@type":"ImageObject","inLanguage":"en-US","@id":"https:\/\/stevia-fit.com\/#\/schema\/logo\/image\/","url":"https:\/\/stevia-fit.com\/wp-content\/uploads\/2024\/06\/logo-vertical-steviafit.svg","contentUrl":"https:\/\/stevia-fit.com\/wp-content\/uploads\/2024\/06\/logo-vertical-steviafit.svg","width":1,"height":1,"caption":"Worldfit"},"image":{"@id":"https:\/\/stevia-fit.com\/#\/schema\/logo\/image\/"},"sameAs":["https:\/\/www.facebook.com\/steviafit.ec","https:\/\/www.instagram.com\/steviafit.ec\/","https:\/\/www.tiktok.com\/@steviafit"]}]}},"_links":{"self":[{"href":"https:\/\/stevia-fit.com\/en\/wp-json\/wp\/v2\/pages\/460","targetHints":{"allow":["GET"]}}],"collection":[{"href":"https:\/\/stevia-fit.com\/en\/wp-json\/wp\/v2\/pages"}],"about":[{"href":"https:\/\/stevia-fit.com\/en\/wp-json\/wp\/v2\/types\/page"}],"author":[{"embeddable":true,"href":"https:\/\/stevia-fit.com\/en\/wp-json\/wp\/v2\/users\/1"}],"replies":[{"embeddable":true,"href":"https:\/\/stevia-fit.com\/en\/wp-json\/wp\/v2\/comments?post=460"}],"version-history":[{"count":13,"href":"https:\/\/stevia-fit.com\/en\/wp-json\/wp\/v2\/pages\/460\/revisions"}],"predecessor-version":[{"id":1073,"href":"https:\/\/stevia-fit.com\/en\/wp-json\/wp\/v2\/pages\/460\/revisions\/1073"}],"wp:attachment":[{"href":"https:\/\/stevia-fit.com\/en\/wp-json\/wp\/v2\/media?parent=460"}],"wp:term":[{"taxonomy":"dipi_cpt_category","embeddable":true,"href":"https:\/\/stevia-fit.com\/en\/wp-json\/wp\/v2\/dipi_cpt_category?post=460"}],"curies":[{"name":"wp","href":"https:\/\/api.w.org\/{rel}","templated":true}]}}